{"id":1083,"date":"2022-07-18T13:37:21","date_gmt":"2022-07-18T11:37:21","guid":{"rendered":"https:\/\/www.hotelelais.com\/elais\/?page_id=1083"},"modified":"2022-07-18T13:37:22","modified_gmt":"2022-07-18T11:37:22","slug":"adhesion-au-centre-sportif","status":"publish","type":"page","link":"https:\/\/hotelelais.com\/elais\/?page_id=1083&lang=fr","title":{"rendered":"Adh\u00e9sion au centre sportif"},"content":{"rendered":"\n<p>Profitez de nombreux moments de d\u00e9tente autour de notre piscine semi-olympique, \u00e9quip\u00e9e d&#8217;un syst\u00e8me de filtration moderne et efficace qui garantit une eau saine et cristalline.<\/p>\n\n\n\n<!--more-->\n\n\n\n<p>Situ\u00e9e au c\u0153ur de la concession, dans un magnifique parc, la piscine est entour\u00e9e de paillotes accueillantes et confortables o\u00f9 vous pourrez vous d\u00e9tendre entre amis ou en famille.<\/p>\n\n\n\n<p>Avez-vous besoin de vous remettre d&#8217;une journ\u00e9e de travail stressante\u00a0? ELAIS offre d&#8217;excellentes installations sportives : quatre courts de tennis, deux courts de squash int\u00e9rieurs climatis\u00e9s, un terrain multisports (basket, volley) et une salle de fitness enti\u00e8rement \u00e9quip\u00e9e. Un large \u00e9ventail d&#8217;activit\u00e9s sont propos\u00e9es s.a. cours d&#8217;aquagym, de taekwondo, de boxe, de karat\u00e9, de roller et de danse.<\/p>\n\n\n\n<p><strong><br>Tarifs club de sport<\/strong><\/p>\n\n\n\n<figure class=\"wp-block-table\"><table><tbody><tr><td>&nbsp;<\/td><td><strong>Individuelle<\/strong><\/td><td><strong>Famille<\/strong><\/td><\/tr><tr><td><strong>12 mois<\/strong><\/td><td>1250 $<\/td><td>1750 $<\/td><\/tr><tr><td><strong>6 mois<\/strong><\/td><td>725 $<\/td><td>1000 $<\/td><\/tr><tr><td><strong>3 mois<\/strong><\/td><td>475 $<\/td><td>725 $<\/td><\/tr><tr><td><strong>1 mois<\/strong><\/td><td>280 $<\/td><td>475 $<\/td><\/tr><\/tbody><\/table><\/figure>\n\n\n\n<p><strong>Remarque : Famille = 1 adulte + 3 mineurs. Par mineur suppl\u00e9mentaire un suppl\u00e9ment de 15 $ s&#8217;applique.<\/strong><\/p>\n\n\n\n<p><strong>Adh\u00e9sion club de tennis<\/strong><\/p>\n\n\n\n<figure class=\"wp-block-table\"><table><tbody><tr><td>&nbsp;<\/td><td><strong>Adulte<\/strong><\/td><td><strong>Mineure<\/strong><\/td><\/tr><tr><td><strong>1 mois<\/strong><\/td><td>100 $<\/td><td>50 $<\/td><\/tr><\/tbody><\/table><\/figure>\n\n\n\n<p><strong>Adh\u00e9sion au club de squash<\/strong><\/p>\n\n\n\n<figure class=\"wp-block-table\"><table><tbody><tr><td>&nbsp;<\/td><td><strong><strong>Adulte<\/strong><\/strong><\/td><td><strong><strong>Mineure<\/strong><\/strong><\/td><\/tr><tr><td><strong>1 mois<\/strong><\/td><td>100 $<\/td><td>50 $<\/td><\/tr><\/tbody><\/table><\/figure>\n","protected":false},"excerpt":{"rendered":"<p>Profitez de nombreux moments de d\u00e9tente autour de notre piscine semi-olympique, \u00e9quip\u00e9e d&#8217;un syst\u00e8me de filtration moderne et efficace qui garantit une eau saine et cristalline.<\/p>\n","protected":false},"author":1,"featured_media":1012,"parent":1077,"menu_order":0,"comment_status":"closed","ping_status":"closed","template":"","meta":[],"_links":{"self":[{"href":"https:\/\/hotelelais.com\/elais\/index.php?rest_route=\/wp\/v2\/pages\/1083"}],"collection":[{"href":"https:\/\/hotelelais.com\/elais\/index.php?rest_route=\/wp\/v2\/pages"}],"about":[{"href":"https:\/\/hotelelais.com\/elais\/index.php?rest_route=\/wp\/v2\/types\/page"}],"author":[{"embeddable":true,"href":"https:\/\/hotelelais.com\/elais\/index.php?rest_route=\/wp\/v2\/users\/1"}],"replies":[{"embeddable":true,"href":"https:\/\/hotelelais.com\/elais\/index.php?rest_route=%2Fwp%2Fv2%2Fcomments&post=1083"}],"version-history":[{"count":1,"href":"https:\/\/hotelelais.com\/elais\/index.php?rest_route=\/wp\/v2\/pages\/1083\/revisions"}],"predecessor-version":[{"id":1084,"href":"https:\/\/hotelelais.com\/elais\/index.php?rest_route=\/wp\/v2\/pages\/1083\/revisions\/1084"}],"up":[{"embeddable":true,"href":"https:\/\/hotelelais.com\/elais\/index.php?rest_route=\/wp\/v2\/pages\/1077"}],"wp:featuredmedia":[{"embeddable":true,"href":"https:\/\/hotelelais.com\/elais\/index.php?rest_route=\/wp\/v2\/media\/1012"}],"wp:attachment":[{"href":"https:\/\/hotelelais.com\/elais\/index.php?rest_route=%2Fwp%2Fv2%2Fmedia&parent=1083"}],"curies":[{"name":"wp","href":"https:\/\/api.w.org\/{rel}","templated":true}]}}